{"id":369,"date":"2017-08-17T22:26:59","date_gmt":"2017-08-17T22:26:59","guid":{"rendered":"http:\/\/vomseeblickoberhofen.ch\/?page_id=369"},"modified":"2020-08-16T08:43:43","modified_gmt":"2020-08-16T08:43:43","slug":"infos","status":"publish","type":"page","link":"https:\/\/www.vomseeblickoberhofen.ch\/?page_id=369","title":{"rendered":"Infos"},"content":{"rendered":"<p style=\"text-align: left;\"><strong>Der Wunsch nach einem eigenen Hund steckt in vielen Menschen. Doch der Aufwand wird sehr oft untersch\u00e4tzt. Bevor Sie sich einen Welpen anschaffen, beachten Sie bitte die folgenden Punkte und besprechen diese mit Ihrem Partner, Ihrer Familie!<\/strong><\/p>\n<ul>\n<li style=\"text-align: left;\">Sind alle Familienmitglieder oder Personen im selben Haushalt mit der Anschaffung eines Hundes einverstanden?<\/li>\n<li style=\"text-align: left;\">Habe ich gen\u00fcgend Platz f\u00fcr einen Hund&#8230; eventuell sogar einen eingez\u00e4unten Garten?<\/li>\n<li>Kann ich meinen Hund mit zur Arbeit nehmen oder ist jemand zu Hause w\u00e4hrend ich weg bin? &#8211; Ein Welpe ist wie ein Baby.<\/li>\n<li style=\"text-align: left;\">Ist mein Vermieter mit einem Hund einverstanden? Sind Haustiere in meiner Wohnung erlaubt? &#8211; Denken Sie auch daran Ihre Wohnung &#8222;welpensicher&#8220; zum machen. Ein zerbissenes Stromkabel kann f\u00fcr den Hund zur Todesfalle werden oder einen Brand ausl\u00f6sen!<\/li>\n<li style=\"text-align: left;\">Der junge Hund wird meine Wohnung beschmutzen, bei zu wenig Besch\u00e4ftigung die Wohnung auch mal &#8222;umgestalten&#8220;\u2026 ertrage ich das?<\/li>\n<li style=\"text-align: left;\">Ein Hund wird Kosten verursachen; Futter, Steuern, Versicherung etc. Tierarzt, Impfungen, evtl. sogar eine teure Operation<\/li>\n<\/ul>\n<p><strong>Wenn die Unterbringung geregelt ist, k\u00f6nnen Sie sich zum gemeinsamen Zusammenleben Gedanken machen. <\/strong><\/p>\n<ul>\n<li>Bin ich in der Lage, meinem Vierbeiner das zu bieten, was er braucht?<\/li>\n<li>Mein Lebensrhythmus wird sich ver\u00e4ndern und sich dem des Hundes anpassen.<\/li>\n<li>F\u00fcr sein ganzes Leben (10-15 Jahre) bin ich f\u00fcr das neue Familienmitglied Hund verantwortlich!<\/li>\n<li>Ein Welpe macht am Anfang viel Arbeit und muss in der ersten Zeit rund um die Uhr betreut werden&#8230; kann ich das gew\u00e4hrleisten?<\/li>\n<li>Ein Bully ist sehr Menschen bezogen und nicht gerne lange alleine. Er will Familienanschluss, absolut keine Zwingerhaltung!<\/li>\n<li>Schlechte Laune lasse ich am Sandsack aus, nicht an meinem Hund.<\/li>\n<li>Mein Hund h\u00e4lt mich fit, Spazierg\u00e4nge gibt es jetzt mehrmals t\u00e4glich, bei jedem Wetter!<\/li>\n<li>Der Hund kommt nat\u00fcrlich auch mit uns in den Urlaub oder ich habe einen super H\u00fcteplatz f\u00fcr ihn.<\/li>\n<li><strong>Wichtig!<\/strong> Sie ben\u00f6tigen vor dem Erwerb eines Hundes eine Anis Personen-ID welche Sie bei Ihrer Wohngemeinde beantragen k\u00f6nnen. Ihre Benutzerdaten und Ihr Passwort werden Ihnen daraufhin per Post zugestellt. Anschliessend k\u00f6nnen Sie sich auf ANIS unter <a class=\"cm_anchor\" href=\"https:\/\/www.amicus.ch\" target=\"_blank\" rel=\"noopener noreferrer\">www.anis.ch <\/a>einloggen.<\/li>\n<\/ul>\n<p><strong>Wir geben unsere Welpen ab mit:<\/strong><\/p>\n<ul>\n<li>Kaufvertrag<\/li>\n<li>Ahnentafel \/ Pedigree des SRZ<\/li>\n<li>EU Heimtierpass<\/li>\n<li>Die Welpen sind bei Abgabe gechipt, geimpft, mehrfach entwurmt und dem Alter entsprechend sozialisiert.<\/li>\n<li>Startpaket mit Futter f\u00fcr die ersten Tage im neuen Zuhause<\/li>\n<li>F\u00fcr Fragen und Probleme sind wir auch nach dem Kauf f\u00fcr Sie rund um die Uhr da<\/li>\n<\/ul>\n<p><strong>Wann kann ich einen Welpen kennenlernen?<br \/>\n<\/strong><\/p>\n<p>Um der Mutter und ihren Welpen genug Zeit zu geben, terminieren wir die ersten Besuche zwischen der 4. und 5. Lebenswoche.<\/p>\n<div class=\"pvc_clear\"><\/div>\n<p class=\"pvc_stats all \" data-element-id=\"369\" style=\"\"><i class=\"pvc-stats-icon small\" aria-hidden=\"true\"><svg aria-hidden=\"true\" focusable=\"false\" data-prefix=\"far\" data-icon=\"chart-bar\" role=\"img\" xmlns=\"http:\/\/www.w3.org\/2000\/svg\" viewBox=\"0 0 512 512\" class=\"svg-inline--fa fa-chart-bar fa-w-16 fa-2x\"><path fill=\"currentColor\" d=\"M396.8 352h22.4c6.4 0 12.8-6.4 12.8-12.8V108.8c0-6.4-6.4-12.8-12.8-12.8h-22.4c-6.4 0-12.8 6.4-12.8 12.8v230.4c0 6.4 6.4 12.8 12.8 12.8zm-192 0h22.4c6.4 0 12.8-6.4 12.8-12.8V140.8c0-6.4-6.4-12.8-12.8-12.8h-22.4c-6.4 0-12.8 6.4-12.8 12.8v198.4c0 6.4 6.4 12.8 12.8 12.8zm96 0h22.4c6.4 0 12.8-6.4 12.8-12.8V204.8c0-6.4-6.4-12.8-12.8-12.8h-22.4c-6.4 0-12.8 6.4-12.8 12.8v134.4c0 6.4 6.4 12.8 12.8 12.8zM496 400H48V80c0-8.84-7.16-16-16-16H16C7.16 64 0 71.16 0 80v336c0 17.67 14.33 32 32 32h464c8.84 0 16-7.16 16-16v-16c0-8.84-7.16-16-16-16zm-387.2-48h22.4c6.4 0 12.8-6.4 12.8-12.8v-70.4c0-6.4-6.4-12.8-12.8-12.8h-22.4c-6.4 0-12.8 6.4-12.8 12.8v70.4c0 6.4 6.4 12.8 12.8 12.8z\" class=\"\"><\/path><\/svg><\/i> &nbsp;9,106&nbsp;total views, &nbsp;8&nbsp;views today<\/p>\n<div class=\"pvc_clear\"><\/div>\n","protected":false},"excerpt":{"rendered":"<p>Der Wunsch nach einem eigenen Hund steckt in vielen Menschen. Doch der Aufwand wird sehr oft untersch\u00e4tzt. Bevor Sie sich einen Welpen anschaffen, beachten Sie bitte die folgenden Punkte und besprechen diese mit Ihrem Partner, Ihrer Familie! Sind alle Familienmitglieder oder Personen im selben Haushalt mit der Anschaffung eines Hundes einverstanden? Habe ich gen\u00fcgend Platz &hellip; <\/p>\n<p class=\"link-more\"><a href=\"https:\/\/www.vomseeblickoberhofen.ch\/?page_id=369\" class=\"more-link\"><span class=\"screen-reader-text\">\u201eInfos\u201c<\/span> weiterlesen<\/a><\/p>\n<div class=\"pvc_clear\"><\/div>\n<p class=\"pvc_stats all \" data-element-id=\"369\" style=\"\"><i class=\"pvc-stats-icon small\" aria-hidden=\"true\"><svg aria-hidden=\"true\" focusable=\"false\" data-prefix=\"far\" data-icon=\"chart-bar\" role=\"img\" xmlns=\"http:\/\/www.w3.org\/2000\/svg\" viewBox=\"0 0 512 512\" class=\"svg-inline--fa fa-chart-bar fa-w-16 fa-2x\"><path fill=\"currentColor\" d=\"M396.8 352h22.4c6.4 0 12.8-6.4 12.8-12.8V108.8c0-6.4-6.4-12.8-12.8-12.8h-22.4c-6.4 0-12.8 6.4-12.8 12.8v230.4c0 6.4 6.4 12.8 12.8 12.8zm-192 0h22.4c6.4 0 12.8-6.4 12.8-12.8V140.8c0-6.4-6.4-12.8-12.8-12.8h-22.4c-6.4 0-12.8 6.4-12.8 12.8v198.4c0 6.4 6.4 12.8 12.8 12.8zm96 0h22.4c6.4 0 12.8-6.4 12.8-12.8V204.8c0-6.4-6.4-12.8-12.8-12.8h-22.4c-6.4 0-12.8 6.4-12.8 12.8v134.4c0 6.4 6.4 12.8 12.8 12.8zM496 400H48V80c0-8.84-7.16-16-16-16H16C7.16 64 0 71.16 0 80v336c0 17.67 14.33 32 32 32h464c8.84 0 16-7.16 16-16v-16c0-8.84-7.16-16-16-16zm-387.2-48h22.4c6.4 0 12.8-6.4 12.8-12.8v-70.4c0-6.4-6.4-12.8-12.8-12.8h-22.4c-6.4 0-12.8 6.4-12.8 12.8v70.4c0 6.4 6.4 12.8 12.8 12.8z\" class=\"\"><\/path><\/svg><\/i> &nbsp;9,106&nbsp;total views, &nbsp;8&nbsp;views today<\/p>\n<div class=\"pvc_clear\"><\/div>\n","protected":false},"author":1,"featured_media":0,"parent":0,"menu_order":0,"comment_status":"closed","ping_status":"closed","template":"","meta":[],"_links":{"self":[{"href":"https:\/\/www.vomseeblickoberhofen.ch\/index.php?rest_route=\/wp\/v2\/pages\/369"}],"collection":[{"href":"https:\/\/www.vomseeblickoberhofen.ch\/index.php?rest_route=\/wp\/v2\/pages"}],"about":[{"href":"https:\/\/www.vomseeblickoberhofen.ch\/index.php?rest_route=\/wp\/v2\/types\/page"}],"author":[{"embeddable":true,"href":"https:\/\/www.vomseeblickoberhofen.ch\/index.php?rest_route=\/wp\/v2\/users\/1"}],"replies":[{"embeddable":true,"href":"https:\/\/www.vomseeblickoberhofen.ch\/index.php?rest_route=%2Fwp%2Fv2%2Fcomments&post=369"}],"version-history":[{"count":4,"href":"https:\/\/www.vomseeblickoberhofen.ch\/index.php?rest_route=\/wp\/v2\/pages\/369\/revisions"}],"predecessor-version":[{"id":641,"href":"https:\/\/www.vomseeblickoberhofen.ch\/index.php?rest_route=\/wp\/v2\/pages\/369\/revisions\/641"}],"wp:attachment":[{"href":"https:\/\/www.vomseeblickoberhofen.ch\/index.php?rest_route=%2Fwp%2Fv2%2Fmedia&parent=369"}],"curies":[{"name":"wp","href":"https:\/\/api.w.org\/{rel}","templated":true}]}}